{"id":215,"date":"2024-06-13T09:28:49","date_gmt":"2024-06-13T09:28:49","guid":{"rendered":"https:\/\/wp.luxuria-residence.ro\/?page_id=215"},"modified":"2024-07-25T15:20:48","modified_gmt":"2024-07-25T12:20:48","slug":"services","status":"publish","type":"page","link":"https:\/\/luxuria-residence.ro\/en\/services\/","title":{"rendered":"Services"},"content":{"rendered":"<div data-elementor-type=\"wp-page\" data-elementor-id=\"215\" class=\"elementor elementor-215\" data-elementor-post-type=\"page\">\n\t\t\t\t<div class=\"elementor-element elementor-element-b547759 e-con-full e-flex e-con e-parent\" data-id=\"b547759\" data-element_type=\"container\" data-settings=\"{&quot;background_background&quot;:&quot;classic&quot;}\">\n\t\t<div data-dce-background-overlay-color=\"#1E1E1E00\" data-dce-background-image-url=\"https:\/\/luxuria-residence.ro\/wp-content\/uploads\/2024\/06\/gallery_interior11.jpg\" class=\"elementor-element elementor-element-8f1be09 e-con-full e-flex e-con e-child\" data-id=\"8f1be09\" data-element_type=\"container\" data-settings=\"{&quot;background_background&quot;:&quot;classic&quot;}\">\n\t\t\t\t<\/div>\n\t\t\t\t<\/div>\n\t\t<div class=\"elementor-element elementor-element-37b43532 e-flex e-con-boxed e-con e-parent\" data-id=\"37b43532\" data-element_type=\"container\">\n\t\t\t\t\t<div class=\"e-con-inner\">\n\t\t<div class=\"elementor-element elementor-element-b0beb5a e-con-full e-flex e-con e-child\" data-id=\"b0beb5a\" data-element_type=\"container\">\n\t\t\t\t<div class=\"elementor-element elementor-element-eb4763c elementor-widget elementor-widget-heading\" data-id=\"eb4763c\" data-element_type=\"widget\" data-widget_type=\"heading.default\">\n\t\t\t\t<div class=\"elementor-widget-container\">\n\t\t\t\t\t<h1 class=\"elementor-heading-title elementor-size-default\">Services LUXURIA Residence<\/h1>\t\t\t\t<\/div>\n\t\t\t\t<\/div>\n\t\t\t\t<div class=\"elementor-element elementor-element-8975eba elementor-widget elementor-widget-text-editor\" data-id=\"8975eba\" data-element_type=\"widget\" data-widget_type=\"text-editor.default\">\n\t\t\t\t<div class=\"elementor-widget-container\">\n\t\t\t\t\t\t\t\t\t<p>When you choose to invest in Luxuria Residence, you can count on our full support, from start to finish. We want to offer you a stress-free real estate purchase experience, with specialized services that cover both the pre- and post-purchase stages.<\/p><p>Our dedicated team is at your disposal to answer all your questions and provide you with all the necessary information about Luxuria Residence. From the initial visits to the completion of the transaction, we guide you step by step through the buying process.<\/p>\t\t\t\t\t\t\t\t<\/div>\n\t\t\t\t<\/div>\n\t\t\t\t<\/div>\n\t\t<div class=\"elementor-element elementor-element-e31a520 e-flex e-con-boxed e-con e-child\" data-id=\"e31a520\" data-element_type=\"container\">\n\t\t\t\t\t<div class=\"e-con-inner\">\n\t\t<div class=\"elementor-element elementor-element-6354a2c e-con-full e-flex e-con e-child\" data-id=\"6354a2c\" data-element_type=\"container\">\n\t\t<div class=\"elementor-element elementor-element-96244e2 e-con-full e-flex e-con e-child\" data-id=\"96244e2\" data-element_type=\"container\">\n\t\t<div class=\"elementor-element elementor-element-aafa08b e-con-full e-flex e-con e-child\" data-id=\"aafa08b\" data-element_type=\"container\">\n\t\t\t\t<div class=\"elementor-element elementor-element-972f2a4 elementor-widget-tablet__width-initial elementor-widget elementor-widget-heading\" data-id=\"972f2a4\" data-element_type=\"widget\" data-widget_type=\"heading.default\">\n\t\t\t\t<div class=\"elementor-widget-container\">\n\t\t\t\t\t<h2 class=\"elementor-heading-title elementor-size-default\">Financing<\/h2>\t\t\t\t<\/div>\n\t\t\t\t<\/div>\n\t\t\t\t<div class=\"elementor-element elementor-element-ded94ca elementor-invisible elementor-widget elementor-widget-text-editor\" data-id=\"ded94ca\" data-element_type=\"widget\" data-settings=\"{&quot;_animation&quot;:&quot;fadeInLeft&quot;,&quot;_animation_delay&quot;:&quot;400&quot;}\" data-widget_type=\"text-editor.default\">\n\t\t\t\t<div class=\"elementor-widget-container\">\n\t\t\t\t\t\t\t\t\t<p><span style=\"color: #000000;\">For buyers who want to apply for real estate loans, we offer free brokerage services. Our bank loan brokerage division collaborates with the most important financial institutions in Romania and can certainly offer you the best financing solution.<\/span><\/p><p><span style=\"color: #000000;\">Since our inception to date, we have over 640 funded clients.<\/span><\/p><p><span style=\"color: #000000;\">We currently collaborate with Transilvania bank , Unicredit, BCR, Alpha Bank, BRD, First Bank, Libra Bank, CEC Bank, Garanti Bank. In the future, we intend to also collaborate with OTP.<\/span><\/p><p><span style=\"color: #000000;\"><strong>BENEFITS:<\/strong><\/span><\/p><ul><li><span style=\"color: #000000;\">Saving time and efficiency<\/span><\/li><li><span style=\"color: #000000;\">Complete solution, depending on your needs<\/span><\/li><li><span style=\"color: #000000;\">ZERO consulting commission<\/span><\/li><li><span style=\"color: #000000;\">The shortest time until obtaining the loan<\/span><\/li><li><span style=\"color: #000000;\">Collaboration with the most important financial and banking institutions<\/span><\/li><li><span style=\"color: #000000;\">Total transparency regarding credit costs<\/span><\/li><li><span style=\"color: #000000;\">Professionalism<\/span><\/li><li><span style=\"color: #000000;\">Confidentiality<\/span><\/li><li><span style=\"color: #000000;\">Flexibility<\/span><\/li><\/ul>\t\t\t\t\t\t\t\t<\/div>\n\t\t\t\t<\/div>\n\t\t\t\t<\/div>\n\t\t<div class=\"elementor-element elementor-element-6770785 e-con-full e-flex e-con e-child\" data-id=\"6770785\" data-element_type=\"container\">\n\t\t\t\t<div class=\"elementor-element elementor-element-e1963cb elementor-widget-tablet__width-inherit dce_masking-none elementor-widget elementor-widget-image\" data-id=\"e1963cb\" data-element_type=\"widget\" data-widget_type=\"image.default\">\n\t\t\t\t<div class=\"elementor-widget-container\">\n\t\t\t\t\t\t\t\t\t\t\t\t\t\t\t<img fetchpriority=\"high\" decoding=\"async\" width=\"2000\" height=\"2000\" src=\"https:\/\/luxuria-residence.ro\/wp-content\/uploads\/2024\/07\/diana_creditare.jpg\" class=\"attachment-full size-full wp-image-5099\" alt=\"\" srcset=\"https:\/\/luxuria-residence.ro\/wp-content\/uploads\/2024\/07\/diana_creditare.jpg 2000w, https:\/\/luxuria-residence.ro\/wp-content\/uploads\/2024\/07\/diana_creditare-300x300.jpg 300w, https:\/\/luxuria-residence.ro\/wp-content\/uploads\/2024\/07\/diana_creditare-1024x1024.jpg 1024w, https:\/\/luxuria-residence.ro\/wp-content\/uploads\/2024\/07\/diana_creditare-150x150.jpg 150w, https:\/\/luxuria-residence.ro\/wp-content\/uploads\/2024\/07\/diana_creditare-768x768.jpg 768w, https:\/\/luxuria-residence.ro\/wp-content\/uploads\/2024\/07\/diana_creditare-1536x1536.jpg 1536w, https:\/\/luxuria-residence.ro\/wp-content\/uploads\/2024\/07\/diana_creditare-12x12.jpg 12w\" sizes=\"(max-width: 2000px) 100vw, 2000px\" \/>\t\t\t\t\t\t\t\t\t\t\t\t\t\t\t<\/div>\n\t\t\t\t<\/div>\n\t\t\t\t<\/div>\n\t\t\t\t<\/div>\n\t\t\t\t<\/div>\n\t\t\t\t\t<\/div>\n\t\t\t\t<\/div>\n\t\t\t\t\t<\/div>\n\t\t\t\t<\/div>\n\t\t<div class=\"elementor-element elementor-element-7aed2f44 e-con-full e-flex e-con e-parent\" data-id=\"7aed2f44\" data-element_type=\"container\">\n\t\t<div data-dce-background-overlay-color=\"#1E1E1E87\" data-dce-background-image-url=\"https:\/\/luxuria-residence.ro\/wp-content\/uploads\/2024\/06\/servicii_design.jpeg\" data-dce-background-overlay-image-url=\"https:\/\/luxuria-residence.ro\/wp-content\/uploads\/2024\/06\/overlay.png\" class=\"elementor-element elementor-element-708381fc e-flex e-con-boxed e-con e-child\" data-id=\"708381fc\" data-element_type=\"container\" data-settings=\"{&quot;background_background&quot;:&quot;classic&quot;}\">\n\t\t\t\t\t<div class=\"e-con-inner\">\n\t\t<div class=\"elementor-element elementor-element-1bd08196 e-con-full e-flex e-con e-child\" data-id=\"1bd08196\" data-element_type=\"container\">\n\t\t\t\t<div class=\"elementor-element elementor-element-3778531c elementor-invisible elementor-widget elementor-widget-heading\" data-id=\"3778531c\" data-element_type=\"widget\" data-settings=\"{&quot;_animation&quot;:&quot;fadeInLeft&quot;}\" data-widget_type=\"heading.default\">\n\t\t\t\t<div class=\"elementor-widget-container\">\n\t\t\t\t\t<h2 class=\"elementor-heading-title elementor-size-default\">Interior design<\/h2>\t\t\t\t<\/div>\n\t\t\t\t<\/div>\n\t\t\t\t<div class=\"elementor-element elementor-element-4453ea4a elementor-invisible elementor-widget elementor-widget-text-editor\" data-id=\"4453ea4a\" data-element_type=\"widget\" data-settings=\"{&quot;_animation&quot;:&quot;fadeInLeft&quot;,&quot;_animation_delay&quot;:&quot;400&quot;}\" data-widget_type=\"text-editor.default\">\n\t\t\t\t<div class=\"elementor-widget-container\">\n\t\t\t\t\t\t\t\t\t<p>We help you turn your new home into that dream \"home\", without any hassle. Our Interior Design Department offers you a free personalized interior design consulting service, which involves an interior design project adapted to the smallest details. In addition, we collaborate with a number of furniture suppliers who offer preferential prices to our customers.<\/p><p><strong>BENEFITS:<\/strong><\/p><ul><li>Time saving<\/li><li>Personalized solutions<\/li><li>Free consulting service<\/li><li>Preferential prices<\/li><\/ul>\t\t\t\t\t\t\t\t<\/div>\n\t\t\t\t<\/div>\n\t\t\t\t<div class=\"elementor-element elementor-element-76d17e9f elementor-widget__width-auto e-transform elementor-invisible elementor-widget elementor-widget-button\" data-id=\"76d17e9f\" data-element_type=\"widget\" data-settings=\"{&quot;_transform_translateX_effect_hover&quot;:{&quot;unit&quot;:&quot;px&quot;,&quot;size&quot;:&quot;5&quot;,&quot;sizes&quot;:[]},&quot;_animation&quot;:&quot;fadeInLeft&quot;,&quot;_animation_delay&quot;:&quot;600&quot;,&quot;_transform_translateX_effect_hover_tablet&quot;:{&quot;unit&quot;:&quot;px&quot;,&quot;size&quot;:&quot;&quot;,&quot;sizes&quot;:[]},&quot;_transform_translateX_effect_hover_mobile&quot;:{&quot;unit&quot;:&quot;px&quot;,&quot;size&quot;:&quot;&quot;,&quot;sizes&quot;:[]},&quot;_transform_translateY_effect_hover&quot;:{&quot;unit&quot;:&quot;px&quot;,&quot;size&quot;:&quot;&quot;,&quot;sizes&quot;:[]},&quot;_transform_translateY_effect_hover_tablet&quot;:{&quot;unit&quot;:&quot;px&quot;,&quot;size&quot;:&quot;&quot;,&quot;sizes&quot;:[]},&quot;_transform_translateY_effect_hover_mobile&quot;:{&quot;unit&quot;:&quot;px&quot;,&quot;size&quot;:&quot;&quot;,&quot;sizes&quot;:[]}}\" data-widget_type=\"button.default\">\n\t\t\t\t<div class=\"elementor-widget-container\">\n\t\t\t\t\t\t\t\t\t<div class=\"elementor-button-wrapper\">\n\t\t\t\t\t<a class=\"elementor-button elementor-button-link elementor-size-sm\" href=\"https:\/\/luxuria-residence.ro\/en\/contact\/\">\n\t\t\t\t\t\t<span class=\"elementor-button-content-wrapper\">\n\t\t\t\t\t\t\t\t\t<span class=\"elementor-button-text\">Contact us<\/span>\n\t\t\t\t\t<\/span>\n\t\t\t\t\t<\/a>\n\t\t\t\t<\/div>\n\t\t\t\t\t\t\t\t<\/div>\n\t\t\t\t<\/div>\n\t\t\t\t<\/div>\n\t\t<div class=\"elementor-element elementor-element-4981d41b e-con-full elementor-hidden-mobile e-flex e-con e-child\" data-id=\"4981d41b\" data-element_type=\"container\">\n\t\t\t\t<\/div>\n\t\t\t\t\t<\/div>\n\t\t\t\t<\/div>\n\t\t\t\t<\/div>\n\t\t<div class=\"elementor-element elementor-element-47634507 e-flex e-con-boxed e-con e-parent\" data-id=\"47634507\" data-element_type=\"container\">\n\t\t\t\t\t<div class=\"e-con-inner\">\n\t\t<div class=\"elementor-element elementor-element-510fef3d e-con-full e-flex e-con e-child\" data-id=\"510fef3d\" data-element_type=\"container\">\n\t\t<div class=\"elementor-element elementor-element-6ffbfff0 e-con-full e-flex e-con e-child\" data-id=\"6ffbfff0\" data-element_type=\"container\">\n\t\t<div class=\"elementor-element elementor-element-e1c390a e-con-full e-flex e-con e-child\" data-id=\"e1c390a\" data-element_type=\"container\">\n\t\t\t\t<div class=\"elementor-element elementor-element-643898ee elementor-widget-tablet__width-initial elementor-widget elementor-widget-heading\" data-id=\"643898ee\" data-element_type=\"widget\" data-widget_type=\"heading.default\">\n\t\t\t\t<div class=\"elementor-widget-container\">\n\t\t\t\t\t<h2 class=\"elementor-heading-title elementor-size-default\">Facility management<\/h2>\t\t\t\t<\/div>\n\t\t\t\t<\/div>\n\t\t\t\t<div class=\"elementor-element elementor-element-6c0bef2 elementor-invisible elementor-widget elementor-widget-text-editor\" data-id=\"6c0bef2\" data-element_type=\"widget\" data-settings=\"{&quot;_animation&quot;:&quot;fadeInLeft&quot;,&quot;_animation_delay&quot;:&quot;400&quot;}\" data-widget_type=\"text-editor.default\">\n\t\t\t\t<div class=\"elementor-widget-container\">\n\t\t\t\t\t\t\t\t\t<p><span style=\"color: #000000;\">SPATZIOO is in charge of the management of the Luxuria Residence complex, carrying out a series of activities to maintain a clean and neat space, as well as to offer the inhabitants a pleasant living experience and a plus of comfort. From cleaning to security and reception, the SPATZIOO team ensures that the compound maintains a high level of housing quality<\/span><\/p><p><span style=\"color: #000000;\"><strong>FACILITY MANAGEMENT SERVICES OFFERED BY SPATZIOO:<\/strong><\/span><\/p><ul><li><span style=\"color: #000000;\">Preventive and corrective maintenance<\/span><\/li><li><span style=\"color: #000000;\">Energy efficiency<\/span><\/li><li><span style=\"color: #000000;\">Management of works subject to guarantees<\/span><\/li><li><span style=\"color: #000000;\">Reception, security, and protection 24\/7<\/span><\/li><li><span style=\"color: #000000;\">Mobile technical intervention teams 24\/7<\/span><\/li><li><span style=\"color: #000000;\">Cleaning and sanitizing services, snow removal, maintenance of green spaces<\/span><\/li><li><span style=\"color: #000000;\">Services for tracking the behavior in time of constructions according to the provisions of the Construction Book<\/span><\/li><li><span style=\"color: #000000;\">Financial and accounting administration<\/span><\/li><li><span style=\"color: #000000;\">Communication and support for residents \u2013 regular information through Helpdesk<\/span><\/li><\/ul>\t\t\t\t\t\t\t\t<\/div>\n\t\t\t\t<\/div>\n\t\t\t\t<\/div>\n\t\t<div class=\"elementor-element elementor-element-548a1e03 e-con-full e-flex e-con e-child\" data-id=\"548a1e03\" data-element_type=\"container\">\n\t\t\t\t<div class=\"elementor-element elementor-element-240ebc42 elementor-widget-tablet__width-inherit dce_masking-none elementor-widget elementor-widget-image\" data-id=\"240ebc42\" data-element_type=\"widget\" data-widget_type=\"image.default\">\n\t\t\t\t<div class=\"elementor-widget-container\">\n\t\t\t\t\t\t\t\t\t\t\t\t\t\t\t<img decoding=\"async\" width=\"1652\" height=\"1104\" src=\"https:\/\/luxuria-residence.ro\/wp-content\/uploads\/2024\/06\/servicii_administrare.jpeg\" class=\"attachment-full size-full wp-image-251\" alt=\"Past - Present - Future\" srcset=\"https:\/\/luxuria-residence.ro\/wp-content\/uploads\/2024\/06\/servicii_administrare.jpeg 1652w, https:\/\/luxuria-residence.ro\/wp-content\/uploads\/2024\/06\/servicii_administrare-300x200.jpeg 300w, https:\/\/luxuria-residence.ro\/wp-content\/uploads\/2024\/06\/servicii_administrare-1024x684.jpeg 1024w, https:\/\/luxuria-residence.ro\/wp-content\/uploads\/2024\/06\/servicii_administrare-768x513.jpeg 768w, https:\/\/luxuria-residence.ro\/wp-content\/uploads\/2024\/06\/servicii_administrare-1536x1026.jpeg 1536w\" sizes=\"(max-width: 1652px) 100vw, 1652px\" \/>\t\t\t\t\t\t\t\t\t\t\t\t\t\t\t<\/div>\n\t\t\t\t<\/div>\n\t\t\t\t<\/div>\n\t\t\t\t<\/div>\n\t\t\t\t<\/div>\n\t\t\t\t\t<\/div>\n\t\t\t\t<\/div>\n\t\t\t\t<\/div>","protected":false},"excerpt":{"rendered":"<p>Servicii LUXURIA Residence \u00cen momentul \u00een care alegi s\u0103 investe\u0219ti \u00een Luxuria Residence, te po\u021bi baza pe suportul nostru complet, de la \u00eenceput p\u00e2n\u0103 la sf\u00e2r\u0219it. Ne dorim s\u0103-\u021bi oferim o experien\u021b\u0103 de achizi\u021bie imobiliar\u0103 f\u0103r\u0103 stres, cu servicii specializate care acoper\u0103 at\u00e2t etapa pre, c\u00e2t \u0219i post-achizi\u021bie. Echipa noastr\u0103 dedicat\u0103 \u00ee\u021bi st\u0103 la dispozi\u021bie [&hellip;]<\/p>","protected":false},"author":1,"featured_media":0,"parent":0,"menu_order":0,"comment_status":"closed","ping_status":"closed","template":"","meta":{"footnotes":""},"class_list":["post-215","page","type-page","status-publish","hentry"],"yoast_head":"<!-- This site is optimized with the Yoast SEO plugin v26.1.1 - https:\/\/yoast.com\/wordpress\/plugins\/seo\/ -->\n<title>Servicii - Luxuria Residence<\/title>\n<meta name=\"description\" content=\"Servicii\" \/>\n<meta name=\"robots\" content=\"index, follow, max-snippet:-1, max-image-preview:large, max-video-preview:-1\" \/>\n<link rel=\"canonical\" href=\"https:\/\/luxuria-residence.ro\/en\/services\/\" \/>\n<meta property=\"og:locale\" content=\"en_US\" \/>\n<meta property=\"og:type\" content=\"article\" \/>\n<meta property=\"og:title\" content=\"Servicii - Luxuria Residence\" \/>\n<meta property=\"og:description\" content=\"Servicii\" \/>\n<meta property=\"og:url\" content=\"https:\/\/luxuria-residence.ro\/en\/services\/\" \/>\n<meta property=\"og:site_name\" content=\"Luxuria Residence\" \/>\n<meta property=\"article:modified_time\" content=\"2024-07-25T12:20:48+00:00\" \/>\n<meta property=\"og:image\" content=\"https:\/\/luxuria-residence.ro\/wp-content\/uploads\/2024\/06\/servicii_finante.jpeg\" \/>\n\t<meta property=\"og:image:width\" content=\"1652\" \/>\n\t<meta property=\"og:image:height\" content=\"1104\" \/>\n\t<meta property=\"og:image:type\" content=\"image\/jpeg\" \/>\n<meta name=\"twitter:card\" content=\"summary_large_image\" \/>\n<meta name=\"twitter:label1\" content=\"Est. reading time\" \/>\n\t<meta name=\"twitter:data1\" content=\"3 minutes\" \/>\n<script type=\"application\/ld+json\" class=\"yoast-schema-graph\">{\"@context\":\"https:\/\/schema.org\",\"@graph\":[{\"@type\":\"WebPage\",\"@id\":\"https:\/\/luxuria-residence.ro\/servicii\/\",\"url\":\"https:\/\/luxuria-residence.ro\/servicii\/\",\"name\":\"Servicii - Luxuria Residence\",\"isPartOf\":{\"@id\":\"https:\/\/luxuria-residence.ro\/#website\"},\"primaryImageOfPage\":{\"@id\":\"https:\/\/luxuria-residence.ro\/servicii\/#primaryimage\"},\"image\":{\"@id\":\"https:\/\/luxuria-residence.ro\/servicii\/#primaryimage\"},\"thumbnailUrl\":\"https:\/\/luxuria-residence.ro\/wp-content\/uploads\/2024\/07\/diana_creditare.jpg\",\"datePublished\":\"2024-06-13T09:28:49+00:00\",\"dateModified\":\"2024-07-25T12:20:48+00:00\",\"description\":\"Servicii\",\"breadcrumb\":{\"@id\":\"https:\/\/luxuria-residence.ro\/servicii\/#breadcrumb\"},\"inLanguage\":\"en-US\",\"potentialAction\":[{\"@type\":\"ReadAction\",\"target\":[\"https:\/\/luxuria-residence.ro\/servicii\/\"]}]},{\"@type\":\"ImageObject\",\"inLanguage\":\"en-US\",\"@id\":\"https:\/\/luxuria-residence.ro\/servicii\/#primaryimage\",\"url\":\"https:\/\/luxuria-residence.ro\/wp-content\/uploads\/2024\/07\/diana_creditare.jpg\",\"contentUrl\":\"https:\/\/luxuria-residence.ro\/wp-content\/uploads\/2024\/07\/diana_creditare.jpg\"},{\"@type\":\"BreadcrumbList\",\"@id\":\"https:\/\/luxuria-residence.ro\/servicii\/#breadcrumb\",\"itemListElement\":[{\"@type\":\"ListItem\",\"position\":1,\"name\":\"Home\",\"item\":\"https:\/\/luxuria-residence.ro\/\"},{\"@type\":\"ListItem\",\"position\":2,\"name\":\"Servicii\"}]},{\"@type\":\"WebSite\",\"@id\":\"https:\/\/luxuria-residence.ro\/#website\",\"url\":\"https:\/\/luxuria-residence.ro\/\",\"name\":\"Luxuria Residence\",\"description\":\"Primul Proiect Reziden\u021bial Din Bucure\u0219ti Construit La Standarde Breeam Excellent.\",\"publisher\":{\"@id\":\"https:\/\/luxuria-residence.ro\/#organization\"},\"potentialAction\":[{\"@type\":\"SearchAction\",\"target\":{\"@type\":\"EntryPoint\",\"urlTemplate\":\"https:\/\/luxuria-residence.ro\/?s={search_term_string}\"},\"query-input\":{\"@type\":\"PropertyValueSpecification\",\"valueRequired\":true,\"valueName\":\"search_term_string\"}}],\"inLanguage\":\"en-US\"},{\"@type\":\"Organization\",\"@id\":\"https:\/\/luxuria-residence.ro\/#organization\",\"name\":\"Luxuria Residence\",\"url\":\"https:\/\/luxuria-residence.ro\/\",\"logo\":{\"@type\":\"ImageObject\",\"inLanguage\":\"en-US\",\"@id\":\"https:\/\/luxuria-residence.ro\/#\/schema\/logo\/image\/\",\"url\":\"https:\/\/luxuria-residence.ro\/wp-content\/uploads\/2024\/06\/logo-luxuria_2020.png\",\"contentUrl\":\"https:\/\/luxuria-residence.ro\/wp-content\/uploads\/2024\/06\/logo-luxuria_2020.png\",\"width\":817,\"height\":432,\"caption\":\"Luxuria Residence\"},\"image\":{\"@id\":\"https:\/\/luxuria-residence.ro\/#\/schema\/logo\/image\/\"}}]}<\/script>\n<!-- \/ Yoast SEO plugin. -->","yoast_head_json":{"title":"Services - Luxuria Residence","description":"Services","robots":{"index":"index","follow":"follow","max-snippet":"max-snippet:-1","max-image-preview":"max-image-preview:large","max-video-preview":"max-video-preview:-1"},"canonical":"https:\/\/luxuria-residence.ro\/en\/services\/","og_locale":"en_US","og_type":"article","og_title":"Servicii - Luxuria Residence","og_description":"Servicii","og_url":"https:\/\/luxuria-residence.ro\/en\/services\/","og_site_name":"Luxuria Residence","article_modified_time":"2024-07-25T12:20:48+00:00","og_image":[{"width":1652,"height":1104,"url":"https:\/\/luxuria-residence.ro\/wp-content\/uploads\/2024\/06\/servicii_finante.jpeg","type":"image\/jpeg"}],"twitter_card":"summary_large_image","twitter_misc":{"Est. reading time":"3 minutes"},"schema":{"@context":"https:\/\/schema.org","@graph":[{"@type":"WebPage","@id":"https:\/\/luxuria-residence.ro\/servicii\/","url":"https:\/\/luxuria-residence.ro\/servicii\/","name":"Services - Luxuria Residence","isPartOf":{"@id":"https:\/\/luxuria-residence.ro\/#website"},"primaryImageOfPage":{"@id":"https:\/\/luxuria-residence.ro\/servicii\/#primaryimage"},"image":{"@id":"https:\/\/luxuria-residence.ro\/servicii\/#primaryimage"},"thumbnailUrl":"https:\/\/luxuria-residence.ro\/wp-content\/uploads\/2024\/07\/diana_creditare.jpg","datePublished":"2024-06-13T09:28:49+00:00","dateModified":"2024-07-25T12:20:48+00:00","description":"Services","breadcrumb":{"@id":"https:\/\/luxuria-residence.ro\/servicii\/#breadcrumb"},"inLanguage":"en-US","potentialAction":[{"@type":"ReadAction","target":["https:\/\/luxuria-residence.ro\/servicii\/"]}]},{"@type":"ImageObject","inLanguage":"en-US","@id":"https:\/\/luxuria-residence.ro\/servicii\/#primaryimage","url":"https:\/\/luxuria-residence.ro\/wp-content\/uploads\/2024\/07\/diana_creditare.jpg","contentUrl":"https:\/\/luxuria-residence.ro\/wp-content\/uploads\/2024\/07\/diana_creditare.jpg"},{"@type":"BreadcrumbList","@id":"https:\/\/luxuria-residence.ro\/servicii\/#breadcrumb","itemListElement":[{"@type":"ListItem","position":1,"name":"Home","item":"https:\/\/luxuria-residence.ro\/"},{"@type":"ListItem","position":2,"name":"Servicii"}]},{"@type":"WebSite","@id":"https:\/\/luxuria-residence.ro\/#website","url":"https:\/\/luxuria-residence.ro\/","name":"Luxuria Residence","description":"The First Residential Project In Bucharest Built To Breeam Excellent Standards.","publisher":{"@id":"https:\/\/luxuria-residence.ro\/#organization"},"potentialAction":[{"@type":"SearchAction","target":{"@type":"EntryPoint","urlTemplate":"https:\/\/luxuria-residence.ro\/?s={search_term_string}"},"query-input":{"@type":"PropertyValueSpecification","valueRequired":true,"valueName":"search_term_string"}}],"inLanguage":"en-US"},{"@type":"Organization","@id":"https:\/\/luxuria-residence.ro\/#organization","name":"Luxuria Residence","url":"https:\/\/luxuria-residence.ro\/","logo":{"@type":"ImageObject","inLanguage":"en-US","@id":"https:\/\/luxuria-residence.ro\/#\/schema\/logo\/image\/","url":"https:\/\/luxuria-residence.ro\/wp-content\/uploads\/2024\/06\/logo-luxuria_2020.png","contentUrl":"https:\/\/luxuria-residence.ro\/wp-content\/uploads\/2024\/06\/logo-luxuria_2020.png","width":817,"height":432,"caption":"Luxuria Residence"},"image":{"@id":"https:\/\/luxuria-residence.ro\/#\/schema\/logo\/image\/"}}]}},"_links":{"self":[{"href":"https:\/\/luxuria-residence.ro\/en\/wp-json\/wp\/v2\/pages\/215","targetHints":{"allow":["GET"]}}],"collection":[{"href":"https:\/\/luxuria-residence.ro\/en\/wp-json\/wp\/v2\/pages"}],"about":[{"href":"https:\/\/luxuria-residence.ro\/en\/wp-json\/wp\/v2\/types\/page"}],"author":[{"embeddable":true,"href":"https:\/\/luxuria-residence.ro\/en\/wp-json\/wp\/v2\/users\/1"}],"replies":[{"embeddable":true,"href":"https:\/\/luxuria-residence.ro\/en\/wp-json\/wp\/v2\/comments?post=215"}],"version-history":[{"count":0,"href":"https:\/\/luxuria-residence.ro\/en\/wp-json\/wp\/v2\/pages\/215\/revisions"}],"wp:attachment":[{"href":"https:\/\/luxuria-residence.ro\/en\/wp-json\/wp\/v2\/media?parent=215"}],"curies":[{"name":"wp","href":"https:\/\/api.w.org\/{rel}","templated":true}]}}